{"id":235,"date":"2023-01-16T04:39:36","date_gmt":"2023-01-16T04:39:36","guid":{"rendered":"http:\/\/drdietrich.ch\/biontology\/"},"modified":"2023-01-23T19:04:19","modified_gmt":"2023-01-23T19:04:19","slug":"biontology","status":"publish","type":"page","link":"http:\/\/drdietrich.ch\/de\/biontology\/","title":{"rendered":"Biontologie"},"content":{"rendered":"\t\t<div data-elementor-type=\"wp-page\" data-elementor-id=\"235\" class=\"elementor elementor-235 elementor-47\">\n\t\t\t\t\t\t\t\t\t<section class=\"elementor-section elementor-top-section elementor-element elementor-element-21c3d0a elementor-section-boxed elementor-section-height-default elementor-section-height-default\" data-id=\"21c3d0a\" data-element_type=\"section\">\n\t\t\t\t\t\t<div class=\"elementor-container elementor-column-gap-no\">\n\t\t\t\t\t<div class=\"elementor-column elementor-col-33 elementor-top-column elementor-element elementor-element-d2c325b\" data-id=\"d2c325b\" data-element_type=\"column\">\n\t\t\t<div class=\"elementor-widget-wrap elementor-element-populated\">\n\t\t\t\t\t\t\t\t<div class=\"elementor-element elementor-element-6cad79d elementor-widget elementor-widget-text-editor\" data-id=\"6cad79d\" data-element_type=\"widget\" data-widget_type=\"text-editor.default\">\n\t\t\t\t<div class=\"elementor-widget-container\">\n\t\t\t<style>\/*! elementor - v3.10.0 - 09-01-2023 *\/\n.elementor-widget-text-editor.elementor-drop-cap-view-stacked .elementor-drop-cap{background-color:#818a91;color:#fff}.elementor-widget-text-editor.elementor-drop-cap-view-framed .elementor-drop-cap{color:#818a91;border:3px solid;background-color:transparent}.elementor-widget-text-editor:not(.elementor-drop-cap-view-default) .elementor-drop-cap{margin-top:8px}.elementor-widget-text-editor:not(.elementor-drop-cap-view-default) .elementor-drop-cap-letter{width:1em;height:1em}.elementor-widget-text-editor .elementor-drop-cap{float:left;text-align:center;line-height:1;font-size:50px}.elementor-widget-text-editor .elementor-drop-cap-letter{display:inline-block}<\/style>\t\t\t\t<p class=\"p1\"><span class=\"s1\">References and Literature<\/span><\/p><p class=\"p3\"><span class=\"s1\">[1] F.A. Popp, K.H. Li, Q. Gu; Recent Advances in Biophoton Research and its Aplications, World Scientific Publishing Co. Singapore 1992.<\/span><\/p><p class=\"p3\"><span class=\"s1\">[2] S. Kai, T. Mitani, M. Fujikawa; Morphogenesis and bioluminescence in germination of red bean, Physica A (Amsterdam) 210 (1994) 391-402.<\/span><\/p><p class=\"p3\"><span class=\"s1\">[3] T. Ohya, H. Kurashige, H. Okabe, S. Kai; Early detection of saltstress damage by biophotons in red been seedling, Jpn. J. Appl. Phys. 39 (2000) 3696-3700.<\/span><\/p><p class=\"p3\"><span class=\"s1\">[4] T. Makino, K. Kato, H. Honzawa, Y. Tachiiri, M. Hiramatsu; Ultraweak luminescence generated by sweet potato and Fusarium oxysporum interactions associated with a defence response, Photochem. Photobiol. 64 (1996) 953-956.<\/span><\/p><p class=\"p3\"><span class=\"s1\">\u00a0<\/span><\/p><p class=\"p4\"><span class=\"s2\">[5]\u00a0<a href=\"https:\/\/web.archive.org\/web\/20220701071435\/http:\/\/blog.genuineobservations.com\/2010\/05\/18\/it-is-not-a-miracle-it-is-supernatural\"><span class=\"s3\">blog.genuineobservations.com\/2010\/05\/18\/it -is-not-a-miracle-it-is-supernatural<\/span><\/a><\/span><\/p><p class=\"p3\"><span class=\"s1\">[6] G. Brassard; Bibliography of Quantum Cryptography, Universit\u00e9 de Montr\u00e9al, 1993.<\/span><\/p><p class=\"p3\"><span class=\"s1\">[7] M. Bischof;Das Licht in unseren Zellen 2001.<\/span><\/p><p class=\"p3\"><span class=\"s1\">[8] Used photomultiplier: Typ EMI 9558 QB.<\/span><\/p><p class=\"p4\"><span class=\"s2\">[9] W.M.D. Lillge; Biophysics And the Life Process, 2001:\u00a0<a href=\"https:\/\/web.archive.org\/web\/20220701071435\/http:\/\/www.21stcenturysciencetech.com\/articles\/summ01\/Biophysics\/Biophysics.html\"><span class=\"s3\">www.21stcenturysciencetech.com\/articles\/su mm01\/Biophysics\/Biophysics<\/span><\/a><\/span><\/p><p class=\"p3\"><span class=\"s1\">[10] A. Gurwitsch; History of Biophotonik or Biophotonics from a German point of view regarding Gurwitsch\u00a0Bibliography under Gurwitsch and also Ruth (1977, 1979)<\/span><\/p><p class=\"p3\"><span class=\"s1\">[11] F.A. Popp; About the coherence of Biophotons, 1999; also Published in: Macroscopic Quantum Coherence, Proceedings of an International Conference on the Boston University, edited by Boston University and MIT, World Scientific 1999.<\/span><\/p><p class=\"p3\"><span class=\"s1\">[12] L.V. Belousov, A.B.Burlakov, N.N. Luchinskaia; Statistical and frequency-amplitude characteristics of ultra weak emissions of the loach eggs and embryos under the normal conditions and during their optic interactions. I. Characteristics of ultra weak emission in normal development and the optic role of egg envelope 2002.\u00a0Ontogenez, 33(3), 213-221.<\/span><\/p><p class=\"p3\"><span class=\"s1\">[13] F.A. Popp; Life interview for Science and Spirituality television station on Youtube, 2008.<\/span><\/p><p class=\"p3\"><span class=\"s1\">[14] Different articles on ongoing research on Biophotons, Website International Institute of Biophysics, Neuss:\u00a0<a href=\"https:\/\/web.archive.org\/web\/20220701071435\/http:\/\/www.lifescientists.de\/\"><span class=\"s4\">www.lifescientists.de<\/span><\/a><\/span><\/p><p class=\"p3\"><span class=\"s1\">[15]<\/span><\/p><p class=\"p4\"><span class=\"s2\">Johan Boswinkel:\u00a0<a href=\"https:\/\/web.archive.org\/web\/20220701071435\/http:\/\/www.biontology.com\/\"><span class=\"s3\">www.biontology.com<\/span><\/a><\/span><\/p>\t\t\t\t\t\t<\/div>\n\t\t\t\t<\/div>\n\t\t\t\t\t<\/div>\n\t\t<\/div>\n\t\t\t\t<div class=\"elementor-column elementor-col-66 elementor-top-column elementor-element elementor-element-5c717c2\" data-id=\"5c717c2\" data-element_type=\"column\">\n\t\t\t<div class=\"elementor-widget-wrap elementor-element-populated\">\n\t\t\t\t\t\t\t\t<div class=\"elementor-element elementor-element-8905286 elementor-widget elementor-widget-text-editor\" data-id=\"8905286\" data-element_type=\"widget\" data-widget_type=\"text-editor.default\">\n\t\t\t\t<div class=\"elementor-widget-container\">\n\t\t\t\t\t\t\t<h2 class=\"p3\" data-fontsize=\"26\" data-lineheight=\"27\"><span class=\"s1\">Was ist Biontologie?<\/span><\/h2><p class=\"p4\"><span class=\"s1\">Der Begriff\u00a0<b>Biontologie<\/b>\u00a0besteht aus zwei Teilen:\u00a0<b>Bio<\/b>\u00a0und\u00a0<b>Ontologie<\/b>.<\/span><\/p><ul class=\"ul1\"><li class=\"li4\"><span class=\"s1\">Die Ontologie befasst sich mit den Grundstrukturen der Realit\u00e4t und<\/span><\/li><li class=\"li4\"><span class=\"s1\">Bio steht als Begriff f\u00fcr das Leben.<\/span><\/li><\/ul><p class=\"p4\"><span class=\"s1\">Wo es Leben gibt, da ist Licht, denn Leben ist ohne Licht nicht m\u00f6glich.<br \/>Daher sind die Grundstrukturen der Realit\u00e4t \u201eLICHT\u201c.<\/span><\/p><p>Die Biontologie enth\u00e4lt unter anderem (Er-)Kenntnisse aus der chinesischen Medizin in Verbindung mit fortschrittlichen Technologien der abendl\u00e4ndischen Medizin und bildet die Basis einer ganzheitlichen Sicht auf den Menschen.<\/p><h2 class=\"p3\" data-fontsize=\"26\" data-lineheight=\"27\"><span class=\"s1\">Was ist ein Biontologe?<\/span><\/h2><p class=\"p4\"><span class=\"s1\">Ein Biontologe absolviert eine spezielle Ausbildung zum Biophotonen-Therapeuten. Die Ausbildung in der Biontologie basiert einerseits auf dem Hintergrund dem auch die Gesundheitslehren von Yin und Yang und den f\u00fcnf Elementen der chinesischen Medizin entspringen. Zum anderen geh\u00f6ren die tiefenpsychologischen Grunds\u00e4tze und das Verst\u00e4ndnis von salutogenesischen Gesundheitsmodellen dazu.<\/span><\/p><p>So steht die Biontologie f\u00fcr das synthetische Denken. Ein Biontologe, jemand der die Biontologie praktiziert, zeichnet sich dadurch aus, dass er stets auf der Suche nach dem Ursprung der Ursache ist, welche hinter Ihrer Krankheit steht.<\/p><p>Des Weiteren kann jeder Biontologe aufgrund zus\u00e4tzlicher individueller Vertiefungen und Ausbildungen den Fokus auf weitere Behandlungselemente legen, wie z.B. Hom\u00f6opathie, Ern\u00e4hrungslehre, Psychologie, K\u00f6rpertherapien und vieles mehr.<\/p><p>Jedoch steht der Fokus bei allen unter anderem auf den Grundpfeilern:<\/p><ul class=\"ul1\"><li class=\"li4\"><span class=\"s1\">Entgiftung\u00a0\u2013\u00a0Entfernen von toxischen R\u00fcckst\u00e4nden<\/span><\/li><li class=\"li4\"><span class=\"s1\">Stimulierung\u00a0\u2013\u00a0der N\u00e4hrstoff-\u00a0und Ionenversorgung von Zellen<\/span><\/li><li class=\"li4\"><span class=\"s1\">Regeneration\u00a0\u2013\u00a0Reparatur von Zellen und des Zellstoffwechsels<\/span><\/li><\/ul><p class=\"p6\"><span class=\"s4\"><br \/><\/span><span class=\"s1\">Ziel der Therapie eines Biontologen ist immer den ganzen Menschen zu betrachten und den Einklang zwischen K\u00f6rper, Geist und Seele herzustellen.<\/span><\/p><h2 class=\"p3\" data-fontsize=\"26\" data-lineheight=\"27\"><span class=\"s1\">Lichttherapie<\/span><\/h2><p class=\"p4\"><span class=\"s1\">Einen wichtigen biophysikalischen Beitrag haben die Biophysiker Gurwich (1923 Nobelpreis Kandidat), italienische, spanische, deutsche und russische Forscher erbracht. Die russische Forschergruppe hat bei ca.5000 Experimenten die Best\u00e4tigung erhalten, dass in den Zellen Energie in Form von ultraschwachen Licht vorhanden ist und mittels diesen Lichtes der interzellul\u00e4re Infomationsaustausch erfolgt.<\/span><\/p><p class=\"p4\"><span class=\"s1\">Licht besteht nach der Quanten-Theorie aus Lichtb\u00fcndeln, auch Quanten oder Photone genannt. Es ist l\u00e4ngst wissenschaftlich erwiesen, dass Licht von der Haut absorbiert wird und sich im K\u00f6rper verteilt. Der Beitrag von Prof. Popp ist die Best\u00e4tigung der anderen Forschungsgruppen, dass jede Zelle mit anderen Zellen mittels Lichtphotonen kommuniziert. Es gibt heute keine Theorie, die die vielfachen interaktiven Wirkungen im Organismus besser erkl\u00e4ren kann als die Popp\u00b4sche. Prof. Popp hat diese Photonen sp\u00e4ter Biophotonen genannt.<\/span><\/p><p class=\"p4\"><span class=\"s1\">Die Ganzk\u00f6rper-Photon-Anwendung ist eine innovative Behandlungsmethode. Sie z\u00e4hlt zu den energetischen- und bioenergetischen Methoden, die dem Therapeuten alternative Naturheil-Prozesse erm\u00f6glicht.<\/span><\/p><h2 class=\"p4\" data-fontsize=\"26\" data-lineheight=\"27\"><span class=\"s1\">Paradigmenwandel<\/span><\/h2><p class=\"p4\"><span class=\"s1\">In der Medizin vollzieht sich ein Paradigmenwandel. Zunehmend stellen die Forscher fest, dass neben der molekularen Interaktion auf bio-chemischer Grundlage f\u00fcr den Organismus auch die Faktoren Information und Energie eine extrem wichtige Rolle spielen. Viele Ph\u00e4nomene, die empirisch beobachtbar sind, lassen sich nicht auf eine bio-chemische Aktion zur\u00fcckf\u00fchren, sondern nur mit den Faktoren Information und Energie erkl\u00e4ren. Nicht nur die biochemische, sondern auch die bio-physikalische Sichtweise ist relevant, um als Therapeut optimal therapieren zu k\u00f6nnen.<\/span><\/p>\t\t\t\t\t\t<\/div>\n\t\t\t\t<\/div>\n\t\t\t\t\t<\/div>\n\t\t<\/div>\n\t\t\t\t\t\t\t<\/div>\n\t\t<\/section>\n\t\t\t\t\t\t\t<\/div>\n\t\t","protected":false},"excerpt":{"rendered":"<p>References and Literature [1] F.A. Popp, K.H. Li, Q. Gu; Recent Advances in Biophoton Research and its Aplications, World Scientific Publishing Co. Singapore 1992. [2] S. Kai, T. Mitani, M. Fujikawa; Morphogenesis and bioluminescence in germination of red bean, Physica A (Amsterdam) 210 (1994) 391-402. [3] T. Ohya, H. Kurashige, H. Okabe, S. Kai; Early [&hellip;]<\/p>\n","protected":false},"author":1,"featured_media":0,"parent":0,"menu_order":0,"comment_status":"closed","ping_status":"closed","template":"","meta":{"footnotes":""},"class_list":["post-235","page","type-page","status-publish","hentry"],"_links":{"self":[{"href":"http:\/\/drdietrich.ch\/de\/wp-json\/wp\/v2\/pages\/235","targetHints":{"allow":["GET"]}}],"collection":[{"href":"http:\/\/drdietrich.ch\/de\/wp-json\/wp\/v2\/pages"}],"about":[{"href":"http:\/\/drdietrich.ch\/de\/wp-json\/wp\/v2\/types\/page"}],"author":[{"embeddable":true,"href":"http:\/\/drdietrich.ch\/de\/wp-json\/wp\/v2\/users\/1"}],"replies":[{"embeddable":true,"href":"http:\/\/drdietrich.ch\/de\/wp-json\/wp\/v2\/comments?post=235"}],"version-history":[{"count":3,"href":"http:\/\/drdietrich.ch\/de\/wp-json\/wp\/v2\/pages\/235\/revisions"}],"predecessor-version":[{"id":244,"href":"http:\/\/drdietrich.ch\/de\/wp-json\/wp\/v2\/pages\/235\/revisions\/244"}],"wp:attachment":[{"href":"http:\/\/drdietrich.ch\/de\/wp-json\/wp\/v2\/media?parent=235"}],"curies":[{"name":"wp","href":"https:\/\/api.w.org\/{rel}","templated":true}]}}