{"id":247,"date":"2023-01-16T04:48:27","date_gmt":"2023-01-16T04:48:27","guid":{"rendered":"http:\/\/drdietrich.ch\/treatment\/"},"modified":"2023-01-23T19:10:53","modified_gmt":"2023-01-23T19:10:53","slug":"treatment","status":"publish","type":"page","link":"https:\/\/drdietrich.ch\/de\/treatment\/","title":{"rendered":"Behandlung"},"content":{"rendered":"\t\t<div data-elementor-type=\"wp-page\" data-elementor-id=\"247\" class=\"elementor elementor-247 elementor-62\">\n\t\t\t\t\t\t\t\t\t<section class=\"elementor-section elementor-top-section elementor-element elementor-element-1c16831f elementor-section-boxed elementor-section-height-default elementor-section-height-default\" data-id=\"1c16831f\" data-element_type=\"section\">\n\t\t\t\t\t\t<div class=\"elementor-container elementor-column-gap-no\">\n\t\t\t\t\t<div class=\"elementor-column elementor-col-33 elementor-top-column elementor-element elementor-element-21bc6a8a\" data-id=\"21bc6a8a\" data-element_type=\"column\" data-settings=\"{&quot;background_background&quot;:&quot;classic&quot;}\">\n\t\t\t<div class=\"elementor-widget-wrap elementor-element-populated\">\n\t\t\t\t\t\t\t\t<div class=\"elementor-element elementor-element-18e93963 elementor-widget elementor-widget-text-editor\" data-id=\"18e93963\" data-element_type=\"widget\" data-widget_type=\"text-editor.default\">\n\t\t\t\t<div class=\"elementor-widget-container\">\n\t\t\t<style>\/*! elementor - v3.10.0 - 09-01-2023 *\/\n.elementor-widget-text-editor.elementor-drop-cap-view-stacked .elementor-drop-cap{background-color:#818a91;color:#fff}.elementor-widget-text-editor.elementor-drop-cap-view-framed .elementor-drop-cap{color:#818a91;border:3px solid;background-color:transparent}.elementor-widget-text-editor:not(.elementor-drop-cap-view-default) .elementor-drop-cap{margin-top:8px}.elementor-widget-text-editor:not(.elementor-drop-cap-view-default) .elementor-drop-cap-letter{width:1em;height:1em}.elementor-widget-text-editor .elementor-drop-cap{float:left;text-align:center;line-height:1;font-size:50px}.elementor-widget-text-editor .elementor-drop-cap-letter{display:inline-block}<\/style>\t\t\t\t<p class=\"Normal-P\"><span class=\"Normal-C-C1\"><strong>Chiren<\/strong><\/span><\/p><p class=\"p1\"><span class=\"s1\">Ger\u00e4t f\u00fcr Diagnose und Behandlung<\/span><\/p>\t\t\t\t\t\t<\/div>\n\t\t\t\t<\/div>\n\t\t\t\t\t<\/div>\n\t\t<\/div>\n\t\t\t\t<div class=\"elementor-column elementor-col-66 elementor-top-column elementor-element elementor-element-496313b7\" data-id=\"496313b7\" data-element_type=\"column\">\n\t\t\t<div class=\"elementor-widget-wrap elementor-element-populated\">\n\t\t\t\t\t\t\t\t<div class=\"elementor-element elementor-element-5201ba75 elementor-widget elementor-widget-text-editor\" data-id=\"5201ba75\" data-element_type=\"widget\" data-widget_type=\"text-editor.default\">\n\t\t\t\t<div class=\"elementor-widget-container\">\n\t\t\t\t\t\t\t<p class=\"p3\"><span class=\"s1\">Mit Hilfe des Chiren (Messinstrument) wird \u00fcber die Meridian-Energiepunkte (Photonenpunkte) an H\u00e4nden und F\u00fcssen zun\u00e4chst \u00fcberpr\u00fcft bzw. gemessen, welche K\u00f6rpersysteme (Organe, Dr\u00fcsen etc.) einwandfrei funktionieren und welche St\u00f6rungen aufweisen. Diese Messpunkte befinden sich am Ende der Meridiane (Energieleitbahnen im K\u00f6rper, wie sie auch in der Akupunktur bekannt sind). Die Meridiane verbinden und versorgen wichtige Organe und Dr\u00fcsen mit Energie und Informationen, und regulieren dadurch s\u00e4mtliche K\u00f6rperfunktionen wie die Hormonsteuerung, sowie Ausscheidungs- und Verwertungssysteme im K\u00f6rper.<\/span><\/p><p class=\"p3\"><span class=\"s1\">Daraufhin werden an den Meridian-Punkten, die eine St\u00f6rung oder ein Energiedefizit aufweisen, bekannte Frequenzen m\u00f6glicher St\u00f6rfaktoren (z.B. Krankheitsbilder, Nosoden) getestet, die zum Ziel haben die St\u00f6rungsquelle\/-frequenz im K\u00f6rper zu neutralisieren. Da sich zwei umgekehrte Wellen der gleichen Frequenzen gegenseitig neutralisieren, wird die St\u00f6rung durch die richtige Welle behoben, was sofort \u00fcber die Messung mit Hilfe des Chiren erkennbar wird und damit behandelt werden kann.<\/span><\/p><p class=\"p3\"><span class=\"s1\">Die Behandlung basiert auf den zuvor beschriebenen umgekehrten Frequenzen der St\u00f6rungen. Mittels optischer Glasst\u00e4be werden die Photonen-Wellen vom Chiren \u00fcber die Leitbahnen der H\u00e4nde gesendet. \u00dcber den einen Glasstab nimmt Chiren das vom K\u00f6rper abgegebene Photonen-Licht auf, welches dann in harmonisches und chaotisches Licht gespalten wird. Das harmonische Licht wird \u00fcber den zweiten Glasstab verst\u00e4rkt zur\u00fcckgeschickt, w\u00e4hrend das chaotische Licht dem K\u00f6rper invertiert (also in umgekehrter Frequenz) zur\u00fcckgespielt wird. Da das invertierte chaotische Licht den chaotischen Teil des Lichts neutralisiert, werden dadurch die St\u00f6rungen behoben.<\/span><\/p><p class=\"p3\"><span class=\"s1\">Dieses Basisprinzip des Chirens erm\u00f6glicht rund 70% der St\u00f6rfaktoren zu beheben. Die restlichen 30%, die st\u00e4rkeren St\u00f6rungen, werden mittels weiterer Messungen eruiert und \u00fcber ein Programm mit energetischen Nosoden\/Medikamenten behandelt und harmonisiert bzw. neutralisiert.<\/span><\/p><p class=\"p3\"><span class=\"s1\">Das Organ- und Immunsystem kann sich dadurch regenerieren und optimal funktionieren um St\u00f6rungen selbst zu beheben. Wir lehren den K\u00f6rper damit im Prinzip die Anwendung der Selbstheilung. Nat\u00fcrlich setzt ein gesunder K\u00f6rper auch eine gewisse Achtsamkeit mit sich und seinem K\u00f6rper, eine positive Lebenseinstellung, gesunde Ern\u00e4hrung und Lebensweise voraus um eine nachhaltige Genesung und Erhaltung der Gesundheit zu gew\u00e4hrleisten.<\/span><\/p><p class=\"p4\"><strong><span class=\"s1\">Wichtig<\/span><\/strong><\/p><p class=\"p3\"><span class=\"s1\">Die Folgesitzung nach der Erstbehandlung sollte fr\u00fchestens nach 3 Tagen und sp\u00e4testens 4-5 Tage nach der ersten Behandlung erfolgen, um einen gr\u00f6sstm\u00f6glichen Behandlungserfolg zu erzielen.<\/span><\/p><p class=\"p3\"><span class=\"s1\">Wie bereiten Sie sich auf Ihre erste Biophotonen-Sitzung vor?<\/span><\/p><p class=\"p3\"><span class=\"s1\">S\u00e4ubern Sie Ihre H\u00e4nde und F\u00fcsse, bitte vor dem Besuch nicht eincremen<\/span><\/p><p class=\"p3\"><span class=\"s1\">kein Leistungssport bis zu 3 Tage vor unserem Termin<\/span><\/p><p class=\"p3\"><span class=\"s1\">Narben lokalisieren (besonders durch OP\u2019s oder gr\u00f6bere Unf\u00e4lle\/Verletzungen)<\/span><\/p><p class=\"p3\"><span class=\"s1\">in letzter Zeit eingenommene Medikamente mitbringen<\/span><\/p><p class=\"p3\"><span class=\"s1\">Ggf. Notizen zur Blockaden-Neutralisation vorbereiten: Ort, Zeitpunkt, Name, Vorname, Geburtsdatum (z.B. bei Traumen, Trennungsbelastungen, etc.)<\/span><\/p>\t\t\t\t\t\t<\/div>\n\t\t\t\t<\/div>\n\t\t\t\t\t<\/div>\n\t\t<\/div>\n\t\t\t\t\t\t\t<\/div>\n\t\t<\/section>\n\t\t\t\t\t\t\t<\/div>\n\t\t","protected":false},"excerpt":{"rendered":"<p>Chiren Ger\u00e4t f\u00fcr Diagnose und Behandlung Mit Hilfe des Chiren (Messinstrument) wird \u00fcber die Meridian-Energiepunkte (Photonenpunkte) an H\u00e4nden und F\u00fcssen zun\u00e4chst \u00fcberpr\u00fcft bzw. gemessen, welche K\u00f6rpersysteme (Organe, Dr\u00fcsen etc.) einwandfrei funktionieren und welche St\u00f6rungen aufweisen. Diese Messpunkte befinden sich am Ende der Meridiane (Energieleitbahnen im K\u00f6rper, wie sie auch in der Akupunktur bekannt sind). Die [&hellip;]<\/p>\n","protected":false},"author":1,"featured_media":0,"parent":0,"menu_order":0,"comment_status":"closed","ping_status":"closed","template":"","meta":{"footnotes":""},"class_list":["post-247","page","type-page","status-publish","hentry"],"_links":{"self":[{"href":"https:\/\/drdietrich.ch\/de\/wp-json\/wp\/v2\/pages\/247","targetHints":{"allow":["GET"]}}],"collection":[{"href":"https:\/\/drdietrich.ch\/de\/wp-json\/wp\/v2\/pages"}],"about":[{"href":"https:\/\/drdietrich.ch\/de\/wp-json\/wp\/v2\/types\/page"}],"author":[{"embeddable":true,"href":"https:\/\/drdietrich.ch\/de\/wp-json\/wp\/v2\/users\/1"}],"replies":[{"embeddable":true,"href":"https:\/\/drdietrich.ch\/de\/wp-json\/wp\/v2\/comments?post=247"}],"version-history":[{"count":3,"href":"https:\/\/drdietrich.ch\/de\/wp-json\/wp\/v2\/pages\/247\/revisions"}],"predecessor-version":[{"id":256,"href":"https:\/\/drdietrich.ch\/de\/wp-json\/wp\/v2\/pages\/247\/revisions\/256"}],"wp:attachment":[{"href":"https:\/\/drdietrich.ch\/de\/wp-json\/wp\/v2\/media?parent=247"}],"curies":[{"name":"wp","href":"https:\/\/api.w.org\/{rel}","templated":true}]}}