{"id":262,"date":"2023-01-16T04:52:41","date_gmt":"2023-01-16T04:52:41","guid":{"rendered":"http:\/\/drdietrich.ch\/time-waver\/"},"modified":"2024-06-07T17:13:22","modified_gmt":"2024-06-07T17:13:22","slug":"time-waver","status":"publish","type":"page","link":"https:\/\/drdietrich.ch\/de\/time-waver\/","title":{"rendered":"TimeWaver Med"},"content":{"rendered":"\t\t<div data-elementor-type=\"wp-page\" data-elementor-id=\"262\" class=\"elementor elementor-262 elementor-77\">\n\t\t\t\t\t\t\t\t\t<section class=\"elementor-section elementor-top-section elementor-element elementor-element-34bba493 elementor-section-boxed elementor-section-height-default elementor-section-height-default\" data-id=\"34bba493\" data-element_type=\"section\">\n\t\t\t\t\t\t<div class=\"elementor-container elementor-column-gap-no\">\n\t\t\t\t\t<div class=\"elementor-column elementor-col-33 elementor-top-column elementor-element elementor-element-7f250eb0\" data-id=\"7f250eb0\" data-element_type=\"column\">\n\t\t\t<div class=\"elementor-widget-wrap elementor-element-populated\">\n\t\t\t\t\t\t\t\t<div class=\"elementor-element elementor-element-9d1ab22 elementor-widget elementor-widget-image\" data-id=\"9d1ab22\" data-element_type=\"widget\" data-widget_type=\"image.default\">\n\t\t\t\t<div class=\"elementor-widget-container\">\n\t\t\t<style>\/*! elementor - v3.10.0 - 09-01-2023 *\/\n.elementor-widget-image{text-align:center}.elementor-widget-image a{display:inline-block}.elementor-widget-image a img[src$=\".svg\"]{width:48px}.elementor-widget-image img{vertical-align:middle;display:inline-block}<\/style>\t\t\t\t\t\t\t\t\t\t\t\t<img loading=\"lazy\" decoding=\"async\" width=\"332\" height=\"134\" src=\"https:\/\/drdietrich.ch\/wp-content\/uploads\/2023\/01\/drwave.jpg\" class=\"attachment-large size-large wp-image-84\" alt=\"\" srcset=\"https:\/\/drdietrich.ch\/wp-content\/uploads\/2023\/01\/drwave.jpg 332w, https:\/\/drdietrich.ch\/wp-content\/uploads\/2023\/01\/drwave-300x121.jpg 300w\" sizes=\"auto, (max-width: 332px) 100vw, 332px\" \/>\t\t\t\t\t\t\t\t\t\t\t\t\t\t\t<\/div>\n\t\t\t\t<\/div>\n\t\t\t\t\t<\/div>\n\t\t<\/div>\n\t\t\t\t<div class=\"elementor-column elementor-col-66 elementor-top-column elementor-element elementor-element-56680745\" data-id=\"56680745\" data-element_type=\"column\">\n\t\t\t<div class=\"elementor-widget-wrap elementor-element-populated\">\n\t\t\t\t\t\t\t\t<div class=\"elementor-element elementor-element-2d956189 elementor-widget elementor-widget-text-editor\" data-id=\"2d956189\" data-element_type=\"widget\" data-widget_type=\"text-editor.default\">\n\t\t\t\t<div class=\"elementor-widget-container\">\n\t\t\t<style>\/*! elementor - v3.10.0 - 09-01-2023 *\/\n.elementor-widget-text-editor.elementor-drop-cap-view-stacked .elementor-drop-cap{background-color:#818a91;color:#fff}.elementor-widget-text-editor.elementor-drop-cap-view-framed .elementor-drop-cap{color:#818a91;border:3px solid;background-color:transparent}.elementor-widget-text-editor:not(.elementor-drop-cap-view-default) .elementor-drop-cap{margin-top:8px}.elementor-widget-text-editor:not(.elementor-drop-cap-view-default) .elementor-drop-cap-letter{width:1em;height:1em}.elementor-widget-text-editor .elementor-drop-cap{float:left;text-align:center;line-height:1;font-size:50px}.elementor-widget-text-editor .elementor-drop-cap-letter{display:inline-block}<\/style>\t\t\t\t<div class=\"cu-comment__body-container ng-tns-c696275103-809 cu-comment__body-container_toolbar\" data-test=\"task-comment__body-container\"><div class=\"cu-comment__text ng-tns-c696275103-809\"><div class=\"cu-comment-viewer-content__container\"><div class=\"cu-comment-viewer-content\" data-test=\"comment-viewer-content\"><h2>Die tiefste Ebene des Ausgleichs<\/h2><p>Die besondere Eigenschaft des TimeWaver ist sowohl die Analyse als auch der Ausgleich der unsichtbaren Einfl\u00fcsse, die uns in allen Lebensbereichen betreffen: von der physischen Ebene \u00fcber den energetischen Fluss und die Regulation, zu Frequenzen, zur Psyche und unter bestimmten Umst\u00e4nden bis hin zu ererbten Grunddispositionen.<\/p><h2>Der ganze Mensch<\/h2><p>TimeWaver arbeitet ganzheitlich und identifiziert Unterschiede zwischen verschiedenen Ebenen. Er ber\u00fccksichtigt die k\u00f6rperlichen Zusammenh\u00e4nge im Informationsfeld sowie die Energie- und Informationsebenen. Idealerweise sind diese eng miteinander verbunden und arbeiten gut zusammen, da TimeWaver darauf abzielt, den ganzen Menschen zu erfassen.<\/p><h2>Organ-Koh\u00e4renz<\/h2><p>Nach unserem Verst\u00e4ndnis hat jedes Organ ein elektromagnetisches Energiefeld, das durch die Schwingung elektrischer Ladungen verursacht wird. Die Organ-Koh\u00e4renzanalyse soll die Qualit\u00e4t dieses Energiefeldes im Informationsfeld analysieren und die Verbindungen der jeweiligen Organe zum intakten Informationsfeld des Klienten \u00fcberpr\u00fcfen. Die Analyse gibt einen Einblick, welche Organe nach diesem Modell \u00fcber- oder unterreguliert sind und welche ausgeglichen und koh\u00e4rent sind. Die Organ-Koh\u00e4renz zielt darauf ab, geeignete Ausgleichsans\u00e4tze im Informationsfeld zu finden.<\/p><h2>Lesen und Schreiben im Informationsfeld<\/h2><p>Analyse und Optimierung im Informationsfeld beziehen sich auf zehn Ebenen eines Individuums, die sich direkt und indirekt gegenseitig beeinflussen und somit unsere Psychosomatik und ganzheitliche Gesundheit betreffen.<\/p><p>Bei der Analyse im Informationsfeld sucht TimeWaver nach neuen Informationen, die helfen k\u00f6nnen, auf allen diesen Ebenen ein gesundes Gleichgewicht wiederherzustellen. Ebenso wie in der Analyse stellt TimeWaver neue Informationen f\u00fcr das Informationsfeld in Form von Schwingungsmustern bereit, die die verschiedenen Ungleichgewichte im Informationsfeld ausgleichen sollen.<\/p><\/div><\/div><\/div><\/div>\t\t\t\t\t\t<\/div>\n\t\t\t\t<\/div>\n\t\t\t\t\t<\/div>\n\t\t<\/div>\n\t\t\t\t\t\t\t<\/div>\n\t\t<\/section>\n\t\t\t\t\t\t\t<\/div>\n\t\t","protected":false},"excerpt":{"rendered":"<p>Die tiefste Ebene des Ausgleichs Die besondere Eigenschaft des TimeWaver ist sowohl die Analyse als auch der Ausgleich der unsichtbaren Einfl\u00fcsse, die uns in allen Lebensbereichen betreffen: von der physischen Ebene \u00fcber den energetischen Fluss und die Regulation, zu Frequenzen, zur Psyche und unter bestimmten Umst\u00e4nden bis hin zu ererbten Grunddispositionen. Der ganze Mensch TimeWaver [&hellip;]<\/p>\n","protected":false},"author":1,"featured_media":0,"parent":0,"menu_order":0,"comment_status":"closed","ping_status":"closed","template":"","meta":{"footnotes":""},"class_list":["post-262","page","type-page","status-publish","hentry"],"_links":{"self":[{"href":"https:\/\/drdietrich.ch\/de\/wp-json\/wp\/v2\/pages\/262","targetHints":{"allow":["GET"]}}],"collection":[{"href":"https:\/\/drdietrich.ch\/de\/wp-json\/wp\/v2\/pages"}],"about":[{"href":"https:\/\/drdietrich.ch\/de\/wp-json\/wp\/v2\/types\/page"}],"author":[{"embeddable":true,"href":"https:\/\/drdietrich.ch\/de\/wp-json\/wp\/v2\/users\/1"}],"replies":[{"embeddable":true,"href":"https:\/\/drdietrich.ch\/de\/wp-json\/wp\/v2\/comments?post=262"}],"version-history":[{"count":9,"href":"https:\/\/drdietrich.ch\/de\/wp-json\/wp\/v2\/pages\/262\/revisions"}],"predecessor-version":[{"id":406,"href":"https:\/\/drdietrich.ch\/de\/wp-json\/wp\/v2\/pages\/262\/revisions\/406"}],"wp:attachment":[{"href":"https:\/\/drdietrich.ch\/de\/wp-json\/wp\/v2\/media?parent=262"}],"curies":[{"name":"wp","href":"https:\/\/api.w.org\/{rel}","templated":true}]}}