{"id":234,"date":"2023-01-16T04:39:36","date_gmt":"2023-01-16T04:39:36","guid":{"rendered":"http:\/\/drdietrich.ch\/biontology\/"},"modified":"2023-01-23T19:02:14","modified_gmt":"2023-01-23T19:02:14","slug":"biontology","status":"publish","type":"page","link":"https:\/\/drdietrich.ch\/fr\/biontology\/","title":{"rendered":"Biontologie"},"content":{"rendered":"\t\t<div data-elementor-type=\"wp-page\" data-elementor-id=\"234\" class=\"elementor elementor-234 elementor-47\">\n\t\t\t\t\t\t\t\t\t<section class=\"elementor-section elementor-top-section elementor-element elementor-element-21c3d0a elementor-section-boxed elementor-section-height-default elementor-section-height-default\" data-id=\"21c3d0a\" data-element_type=\"section\">\n\t\t\t\t\t\t<div class=\"elementor-container elementor-column-gap-no\">\n\t\t\t\t\t<div class=\"elementor-column elementor-col-33 elementor-top-column elementor-element elementor-element-d2c325b\" data-id=\"d2c325b\" data-element_type=\"column\">\n\t\t\t<div class=\"elementor-widget-wrap elementor-element-populated\">\n\t\t\t\t\t\t\t\t<div class=\"elementor-element elementor-element-6cad79d elementor-widget elementor-widget-text-editor\" data-id=\"6cad79d\" data-element_type=\"widget\" data-widget_type=\"text-editor.default\">\n\t\t\t\t<div class=\"elementor-widget-container\">\n\t\t\t<style>\/*! elementor - v3.10.0 - 09-01-2023 *\/\n.elementor-widget-text-editor.elementor-drop-cap-view-stacked .elementor-drop-cap{background-color:#818a91;color:#fff}.elementor-widget-text-editor.elementor-drop-cap-view-framed .elementor-drop-cap{color:#818a91;border:3px solid;background-color:transparent}.elementor-widget-text-editor:not(.elementor-drop-cap-view-default) .elementor-drop-cap{margin-top:8px}.elementor-widget-text-editor:not(.elementor-drop-cap-view-default) .elementor-drop-cap-letter{width:1em;height:1em}.elementor-widget-text-editor .elementor-drop-cap{float:left;text-align:center;line-height:1;font-size:50px}.elementor-widget-text-editor .elementor-drop-cap-letter{display:inline-block}<\/style>\t\t\t\t<p class=\"p1\"><span class=\"s1\">References and Literature<\/span><\/p><p class=\"p3\"><span class=\"s1\">[1] F.A. Popp, K.H. Li, Q. Gu; Recent Advances in Biophoton Research and its Aplications, World Scientific Publishing Co. Singapore 1992.<\/span><\/p><p class=\"p3\"><span class=\"s1\">[2] S. Kai, T. Mitani, M. Fujikawa; Morphogenesis and bioluminescence in germination of red bean, Physica A (Amsterdam) 210 (1994) 391-402.<\/span><\/p><p class=\"p3\"><span class=\"s1\">[3] T. Ohya, H. Kurashige, H. Okabe, S. Kai; Early detection of saltstress damage by biophotons in red been seedling, Jpn. J. Appl. Phys. 39 (2000) 3696-3700.<\/span><\/p><p class=\"p3\"><span class=\"s1\">[4] T. Makino, K. Kato, H. Honzawa, Y. Tachiiri, M. Hiramatsu; Ultraweak luminescence generated by sweet potato and Fusarium oxysporum interactions associated with a defence response, Photochem. Photobiol. 64 (1996) 953-956.<\/span><\/p><p class=\"p3\"><span class=\"s1\">\u00a0<\/span><\/p><p class=\"p4\"><span class=\"s2\">[5]\u00a0<a href=\"https:\/\/web.archive.org\/web\/20220701071435\/http:\/\/blog.genuineobservations.com\/2010\/05\/18\/it-is-not-a-miracle-it-is-supernatural\"><span class=\"s3\">blog.genuineobservations.com\/2010\/05\/18\/it -is-not-a-miracle-it-is-supernatural<\/span><\/a><\/span><\/p><p class=\"p3\"><span class=\"s1\">[6] G. Brassard; Bibliography of Quantum Cryptography, Universit\u00e9 de Montr\u00e9al, 1993.<\/span><\/p><p class=\"p3\"><span class=\"s1\">[7] M. Bischof;Das Licht in unseren Zellen 2001.<\/span><\/p><p class=\"p3\"><span class=\"s1\">[8] Used photomultiplier: Typ EMI 9558 QB.<\/span><\/p><p class=\"p4\"><span class=\"s2\">[9] W.M.D. Lillge; Biophysics And the Life Process, 2001:\u00a0<a href=\"https:\/\/web.archive.org\/web\/20220701071435\/http:\/\/www.21stcenturysciencetech.com\/articles\/summ01\/Biophysics\/Biophysics.html\"><span class=\"s3\">www.21stcenturysciencetech.com\/articles\/su mm01\/Biophysics\/Biophysics<\/span><\/a><\/span><\/p><p class=\"p3\"><span class=\"s1\">[10] A. Gurwitsch; History of Biophotonik or Biophotonics from a German point of view regarding Gurwitsch\u00a0Bibliography under Gurwitsch and also Ruth (1977, 1979)<\/span><\/p><p class=\"p3\"><span class=\"s1\">[11] F.A. Popp; About the coherence of Biophotons, 1999; also Published in: Macroscopic Quantum Coherence, Proceedings of an International Conference on the Boston University, edited by Boston University and MIT, World Scientific 1999.<\/span><\/p><p class=\"p3\"><span class=\"s1\">[12] L.V. Belousov, A.B.Burlakov, N.N. Luchinskaia; Statistical and frequency-amplitude characteristics of ultra weak emissions of the loach eggs and embryos under the normal conditions and during their optic interactions. I. Characteristics of ultra weak emission in normal development and the optic role of egg envelope 2002.\u00a0Ontogenez, 33(3), 213-221.<\/span><\/p><p class=\"p3\"><span class=\"s1\">[13] F.A. Popp; Life interview for Science and Spirituality television station on Youtube, 2008.<\/span><\/p><p class=\"p3\"><span class=\"s1\">[14] Different articles on ongoing research on Biophotons, Website International Institute of Biophysics, Neuss:\u00a0<a href=\"https:\/\/web.archive.org\/web\/20220701071435\/http:\/\/www.lifescientists.de\/\"><span class=\"s4\">www.lifescientists.de<\/span><\/a><\/span><\/p><p class=\"p3\"><span class=\"s1\">[15]<\/span><\/p><p class=\"p4\"><span class=\"s2\">Johan Boswinkel:\u00a0<a href=\"https:\/\/web.archive.org\/web\/20220701071435\/http:\/\/www.biontology.com\/\"><span class=\"s3\">www.biontology.com<\/span><\/a><\/span><\/p>\t\t\t\t\t\t<\/div>\n\t\t\t\t<\/div>\n\t\t\t\t\t<\/div>\n\t\t<\/div>\n\t\t\t\t<div class=\"elementor-column elementor-col-66 elementor-top-column elementor-element elementor-element-5c717c2\" data-id=\"5c717c2\" data-element_type=\"column\">\n\t\t\t<div class=\"elementor-widget-wrap elementor-element-populated\">\n\t\t\t\t\t\t\t\t<div class=\"elementor-element elementor-element-8905286 elementor-widget elementor-widget-text-editor\" data-id=\"8905286\" data-element_type=\"widget\" data-widget_type=\"text-editor.default\">\n\t\t\t\t<div class=\"elementor-widget-container\">\n\t\t\t\t\t\t\t<h2 class=\"p3\" data-fontsize=\"26\" data-lineheight=\"27\"><span class=\"s1\">Qu\u2019est-ce Biontologie<\/span><\/h2><p class=\"p4\"><span class=\"s1\">On peut introduire le concept\u00a0<b>Biontologie<\/b>\u00a0en utilisant ses racines\u00a0<b>Bio<\/b>\u00a0et\u00a0<b>Ontologie<\/b>:<\/span><\/p><ul class=\"ul1\"><li class=\"li4\"><span class=\"s1\">Bio, qui signifie Vie<\/span><\/li><li class=\"li4\"><span class=\"s1\">Ontologie, la science qui traite de l\u2019\u00eatre.<\/span><\/li><\/ul><p class=\"p4\"><span class=\"s1\">Cette science cherche \u00e0 \u00e9tudier l\u2019\u00eatre de la r\u00e9alit\u00e9 dans toutes ses diff\u00e9rentes manifestations.<\/span><\/p><p class=\"p4\"><span class=\"s1\">En d\u2019autres termes: la Biontologie est la th\u00e9orie de l\u2019\u00eatre de tout ce qui vit: la r\u00e9alit\u00e9 de la nature des hommes, des animaux et des plantes. L\u2019ultime r\u00e9alit\u00e9 de la nature est la lumi\u00e8re (biophotons) et sans lumi\u00e8re aucune vie n\u2019est possible.<\/span><\/p><h2 class=\"p3\" data-fontsize=\"26\" data-lineheight=\"27\"><span class=\"s1\">D\u00e9couverte des biophotons<\/span><\/h2><p class=\"p4\"><span class=\"s1\">En 1933 le physicien Alexander Gurwitsj affirmait que toutes les cellules \u00e9mettent de la lumi\u00e8re.<\/span><\/p><p class=\"p4\"><span class=\"s1\">Plus tard, dans les ann\u00e9es soixante-dix cette th\u00e9orie fut confirm\u00e9e de fa\u00e7on scientifique par les physiciens allemands Popp \u00a0et Mersmann. Les cellules non seulement \u00e9mettent de la lumi\u00e8re mais elles l\u2019absorbent \u00e9galement et la stockent.<\/span><\/p><p class=\"p4\"><span class=\"s1\">En outre on d\u00e9couvrit qu\u2019une cellule saine \u00e9met une lumi\u00e8re coh\u00e9rente, c\u2019est-\u00e0-dire qu\u2019elle est compos\u00e9e de parties li\u00e9es et harmonieuses entre elles, tandis qu\u2019une cellule malade \u00e9met une irradiation chaotique qui pourrait \u00eatre s\u00e9par\u00e9e \u00a0de l\u2019irradiation coh\u00e9rente au moyen de filtres \u00e9lectroniques.<\/span><\/p><p class=\"p4\"><span class=\"s1\">Les Prof. Dr. Popp et Mersmann \u00a0d\u00e9couvrirent \u00e9galement que tout a sa \u00a0propre irradiation et vibration sp\u00e9cifique. C\u2019est \u00e0 dire que chaque bact\u00e9rie, chaque virus, chaque organe, chaque cellule, chaque m\u00e9tal lourd, chaque maladie et chaque m\u00e9dicament, soit de la m\u00e9decine conventionnelle \u00a0soit \u00a0de la m\u00e9decine alternative, a sa propre irradiation et sa propre vibration.<\/span><\/p><h2 class=\"p3\" data-fontsize=\"26\" data-lineheight=\"27\"><span class=\"s1\">Biophotons<\/span><\/h2><p class=\"p4\"><span class=\"s1\">Chaque cellule vivante \u00e9met environ 100.000 impulsions de lumi\u00e8re par seconde. Ces impulsions de lumi\u00e8re consistent en des biophotons (particules de lumi\u00e8re) de fr\u00e9quences diff\u00e9rentes et d\u00e9terminent le d\u00e9clenchement de \u00a0tous les processus biochimiques dans le corps.<\/span><\/p><p class=\"p4\"><span class=\"s1\">Dans une cellule saine ces impulsions de lumi\u00e8re sont par leur nature fortement li\u00e9es mais sous l\u2019influence de \u00abperturbations\u00bb elles peuvent s\u2019affaiblir et \u00a0montrer un caract\u00e8re chaotique.<\/span><\/p><p class=\"p4\"><span class=\"s1\">Dans ce cas le processus du m\u00e9tabolisme des cellules ne peut plus \u00eatre ex\u00e9cut\u00e9 de fa\u00e7on optimale par le corps, ce qui affecte le bon fonctionnement du \u00a0syst\u00e8me immunitaire du corps \u00a0et diminue sa capacit\u00e9 d\u2019auto-gu\u00e9rison. Une situation qui finalement m\u00e8ne a des affections et des maladies.<\/span><\/p><h2 class=\"p3\" data-fontsize=\"26\" data-lineheight=\"27\"><span class=\"s1\">Qu\u2019est ce qu\u2019est la th\u00e9rapie par biophotons?<\/span><\/h2><p class=\"p4\"><span class=\"s1\">La th\u00e9rapie par biophotons vise principalement \u00a0\u00e0 trouver \u00a0la cause des souffrances et dans la mesure du possible \u00e0 les dissiper. Les perturbations \u00a0n\u00e9fastes dans le corps sont neutralis\u00e9es par le traitement par biophotons et la capacit\u00e9 d\u2019auto-gu\u00e9rison du corps \u00a0redevient possible.<\/span><\/p><p class=\"p4\"><span class=\"s1\">Chaque cellule dans notre corps a sa propre fr\u00e9quence de vibration qu\u2019on peut mesurer \u00e0 l\u2019aide du Chiren, un appareil sp\u00e9cialement d\u00e9velopp\u00e9 \u00e0 cet effet par Johan Boswinkel, le fondateur de la th\u00e9rapie par biophotons. Ceci est un instrument qui fonctionne par un syst\u00e8me de \u00abbiofeedback\u00bb qui fait que \u00a0la lumi\u00e8re propre du corps, corrig\u00e9e par le Chiren, met le corps en \u00e9tat de \u00a0retrouver son \u00e9quilibre.<\/span><\/p>\t\t\t\t\t\t<\/div>\n\t\t\t\t<\/div>\n\t\t\t\t\t<\/div>\n\t\t<\/div>\n\t\t\t\t\t\t\t<\/div>\n\t\t<\/section>\n\t\t\t\t\t\t\t<\/div>\n\t\t","protected":false},"excerpt":{"rendered":"<p>References and Literature [1] F.A. Popp, K.H. Li, Q. Gu; Recent Advances in Biophoton Research and its Aplications, World Scientific Publishing Co. Singapore 1992. [2] S. Kai, T. Mitani, M. Fujikawa; Morphogenesis and bioluminescence in germination of red bean, Physica A (Amsterdam) 210 (1994) 391-402. [3] T. Ohya, H. Kurashige, H. Okabe, S. Kai; Early [&hellip;]<\/p>\n","protected":false},"author":1,"featured_media":0,"parent":0,"menu_order":0,"comment_status":"closed","ping_status":"closed","template":"","meta":{"footnotes":""},"class_list":["post-234","page","type-page","status-publish","hentry"],"_links":{"self":[{"href":"https:\/\/drdietrich.ch\/fr\/wp-json\/wp\/v2\/pages\/234","targetHints":{"allow":["GET"]}}],"collection":[{"href":"https:\/\/drdietrich.ch\/fr\/wp-json\/wp\/v2\/pages"}],"about":[{"href":"https:\/\/drdietrich.ch\/fr\/wp-json\/wp\/v2\/types\/page"}],"author":[{"embeddable":true,"href":"https:\/\/drdietrich.ch\/fr\/wp-json\/wp\/v2\/users\/1"}],"replies":[{"embeddable":true,"href":"https:\/\/drdietrich.ch\/fr\/wp-json\/wp\/v2\/comments?post=234"}],"version-history":[{"count":3,"href":"https:\/\/drdietrich.ch\/fr\/wp-json\/wp\/v2\/pages\/234\/revisions"}],"predecessor-version":[{"id":241,"href":"https:\/\/drdietrich.ch\/fr\/wp-json\/wp\/v2\/pages\/234\/revisions\/241"}],"wp:attachment":[{"href":"https:\/\/drdietrich.ch\/fr\/wp-json\/wp\/v2\/media?parent=234"}],"curies":[{"name":"wp","href":"https:\/\/api.w.org\/{rel}","templated":true}]}}