{"id":246,"date":"2023-01-16T04:48:27","date_gmt":"2023-01-16T04:48:27","guid":{"rendered":"http:\/\/drdietrich.ch\/treatment\/"},"modified":"2023-01-23T19:09:41","modified_gmt":"2023-01-23T19:09:41","slug":"treatment","status":"publish","type":"page","link":"https:\/\/drdietrich.ch\/fr\/treatment\/","title":{"rendered":"Traitement"},"content":{"rendered":"\t\t<div data-elementor-type=\"wp-page\" data-elementor-id=\"246\" class=\"elementor elementor-246 elementor-62\">\n\t\t\t\t\t\t\t\t\t<section class=\"elementor-section elementor-top-section elementor-element elementor-element-1c16831f elementor-section-boxed elementor-section-height-default elementor-section-height-default\" data-id=\"1c16831f\" data-element_type=\"section\">\n\t\t\t\t\t\t<div class=\"elementor-container elementor-column-gap-no\">\n\t\t\t\t\t<div class=\"elementor-column elementor-col-33 elementor-top-column elementor-element elementor-element-21bc6a8a\" data-id=\"21bc6a8a\" data-element_type=\"column\" data-settings=\"{&quot;background_background&quot;:&quot;classic&quot;}\">\n\t\t\t<div class=\"elementor-widget-wrap elementor-element-populated\">\n\t\t\t\t\t\t\t\t<div class=\"elementor-element elementor-element-18e93963 elementor-widget elementor-widget-text-editor\" data-id=\"18e93963\" data-element_type=\"widget\" data-widget_type=\"text-editor.default\">\n\t\t\t\t<div class=\"elementor-widget-container\">\n\t\t\t<style>\/*! elementor - v3.10.0 - 09-01-2023 *\/\n.elementor-widget-text-editor.elementor-drop-cap-view-stacked .elementor-drop-cap{background-color:#818a91;color:#fff}.elementor-widget-text-editor.elementor-drop-cap-view-framed .elementor-drop-cap{color:#818a91;border:3px solid;background-color:transparent}.elementor-widget-text-editor:not(.elementor-drop-cap-view-default) .elementor-drop-cap{margin-top:8px}.elementor-widget-text-editor:not(.elementor-drop-cap-view-default) .elementor-drop-cap-letter{width:1em;height:1em}.elementor-widget-text-editor .elementor-drop-cap{float:left;text-align:center;line-height:1;font-size:50px}.elementor-widget-text-editor .elementor-drop-cap-letter{display:inline-block}<\/style>\t\t\t\t<p class=\"Normal-P\"><span class=\"Normal-C-C1\"><strong>Chiren<\/strong><\/span><\/p><p class=\"p1\"><span class=\"s1\">Apparaat voor meten en behandelen<\/span><\/p>\t\t\t\t\t\t<\/div>\n\t\t\t\t<\/div>\n\t\t\t\t\t<\/div>\n\t\t<\/div>\n\t\t\t\t<div class=\"elementor-column elementor-col-66 elementor-top-column elementor-element elementor-element-496313b7\" data-id=\"496313b7\" data-element_type=\"column\">\n\t\t\t<div class=\"elementor-widget-wrap elementor-element-populated\">\n\t\t\t\t\t\t\t\t<div class=\"elementor-element elementor-element-5201ba75 elementor-widget elementor-widget-text-editor\" data-id=\"5201ba75\" data-element_type=\"widget\" data-widget_type=\"text-editor.default\">\n\t\t\t\t<div class=\"elementor-widget-container\">\n\t\t\t\t\t\t\t<p class=\"p3\"><strong><span class=\"s1\">Entretien pr\u00e9liminaire<\/span><\/strong><\/p><p class=\"p4\"><span class=\"s1\">La th\u00e9rapie commence par un entretien. \u00c0 l\u2019aide d\u2019un formulaire, les informations n\u00e9cessaires \u00e0 la d\u00e9finition du traitement ad\u00e9quat sont collect\u00e9es. Un bilan des sympt\u00f4mes est constitu\u00e9 et repr\u00e9sente la base d\u2019informations \u2013 les maladies ou les diagnostics du m\u00e9decin traitant ou des sp\u00e9cialistes ne jouant qu\u2019un r\u00f4le secondaire. Le plus important pour nous, est de savoir ce que le patient ressent et quelles ph\u00e9nom\u00e8nes il\/elle \u00e9prouve. Nous lui demandons \u00e9galement \u00e0 quel moment il les a ressenties pour la premi\u00e8re fois et s\u2019il y a des \u00e9v\u00e9nements ant\u00e9rieurs qui pourraient donner une indication sur la cause. Un autre \u00e9l\u00e9ment important est de faire \u00a0l\u2019inventaire des vaccinations, qui peuvent \u00e9galement \u00eatre \u00e0 l\u2019origine des probl\u00e8mes de sant\u00e9.<\/span><\/p><p class=\"p3\"><strong><span class=\"s1\">Mesures<\/span><\/strong><\/p><p class=\"p4\"><span class=\"s1\">Apr\u00e8s l\u2019entretien pr\u00e9liminaire, nous proc\u00e9dons \u00e0 la premi\u00e8re partie de la th\u00e9rapie. Elle consiste \u00e0 mesurer les points d\u2019acupuncture sur les m\u00e9ridiens. Ces mesures \u00a0donnent une id\u00e9e de l\u2019\u00e9tat \u00e9nerg\u00e9tique du corps. En outre, elles permettent d\u2019\u00e9tablir s\u2019il y a des d\u00e9r\u00e8glements dans le corps. Pour cela, nous utilisons un appareil d\u00e9nomm\u00e9 Chiren. Une sonde sp\u00e9cifiquement con\u00e7ue pour d\u00e9tecter ces d\u00e9r\u00e8glements permet la r\u00e9alisation des mesures qui sont rendues imm\u00e9diatement visibles sur l\u2019\u00e9cran d\u2019un ordinateur (oscilloscope) ainsi qu\u2019audibles par des sons.<\/span><\/p><p class=\"p3\"><strong><span class=\"s1\">Traitement<\/span><\/strong><\/p><p class=\"p4\"><span class=\"s1\">Les deux \u00e9tapes pr\u00e9c\u00e9dentes nous permettent, \u00e0 partir des sympt\u00f4mes et des perturbations mesur\u00e9es, de d\u00e9terminer le traitement et les rem\u00e8des appropri\u00e9 aux besoins du patient. Le traitement consiste \u00e0 \u00e9mettre des fr\u00e9quences de lumi\u00e8re qui neutralisent les fr\u00e9quences n\u00e9fastes pr\u00e9sentes dans le corps. Pour savoir si \u00a0le traitement \u00a0\u00e0 utiliser est efficace, nous mesurons de nouveau les points qui faisaient l\u2019objet de perturbations auparavant. Si la mesure de ces points ne montre plus de perturbations, cela signifie que le bon rem\u00e8de a \u00e9t\u00e9 trouv\u00e9. Jusqu\u2019\u00e0 huit perturbations peuvent \u00eatre neutralis\u00e9es en m\u00eame temps.<\/span><\/p><p class=\"p5\"><span class=\"s1\">Apr\u00e8s avoir d\u00e9termin\u00e9 de cette fa\u00e7on quels rem\u00e8des doivent \u00eatre utilis\u00e9s, nous entamons l\u2019intervention. Nous demandons au patient de tenir dans chaque main un tube en verre qui est li\u00e9 \u00e0 l\u2019appareil Chiren par un c\u00e2ble en fibre de verre. Pour les adultes, cette intervention dure un peu plus de dix minutes. Pour les enfants, la dur\u00e9e d\u00e9pend de l\u2019\u00e2ge et varie entre une minute et deux minutes et demi. Ensuite, le patient place les pieds nus sur des plaques en verre, \u00e9galement reli\u00e9es au Chiren par un c\u00e2ble en fibre de verre. Ce traitement suppl\u00e9mentaire permet d\u2019augmenter les effets de la premi\u00e8re \u00e9tape avec les tubes en verre. Si n\u00e9cessaire, nous pouvons utiliser encore plus de rem\u00e8des pour les perturbations restantes.<\/span><\/p><p class=\"p4\"><span class=\"s1\">\u00c0 la fin de l\u2019intervention, nous effectuons une derni\u00e8re s\u00e9rie de mesures pour comparer les perturbations restantes aux perturbations initiales et pour contr\u00f4ler l\u2019efficacit\u00e9 du traitement.<\/span><\/p><p class=\"p3\"><strong><span class=\"s1\">Apr\u00e8s le traitement<\/span><\/strong><\/p><p class=\"p4\"><span class=\"s1\">En g\u00e9n\u00e9ral, le patient pr\u00e9sente des signes de fatigue apr\u00e8s le traitement qui peuvent perdurer environ 24 heures. Cette fatigue est due aux substances toxiques dont le corps se d\u00e9barrasse. Il est important que le corps soit en mesure d\u2019\u00e9vacuer ces substances, notamment par les reins. Durant les premi\u00e8res 72 heures suivant le traitement, il faut ainsi boire 1,5 \u00e0 2 litres d\u2019eau par jour.<\/span><\/p><p class=\"p4\"><span class=\"s1\">Un second traitement suit au bout de 4 \u00e0 7 jours. Les traitements suivants se font \u00e0 intervalles plus espac\u00e9s, \u00e0 moins qu\u2019il s\u2019agisse d\u2019une situation d\u2019urgence qui exige une fr\u00e9quence sup\u00e9rieure. En fonction de la complexit\u00e9 des probl\u00e8mes et de l\u2019historique des sympt\u00f4mes, le nombre final de traitements n\u00e9cessaires au succ\u00e8s de la th\u00e9rapie est d\u00e9termin\u00e9.<\/span><\/p>\t\t\t\t\t\t<\/div>\n\t\t\t\t<\/div>\n\t\t\t\t\t<\/div>\n\t\t<\/div>\n\t\t\t\t\t\t\t<\/div>\n\t\t<\/section>\n\t\t\t\t\t\t\t<\/div>\n\t\t","protected":false},"excerpt":{"rendered":"<p>Chiren Apparaat voor meten en behandelen Entretien pr\u00e9liminaire La th\u00e9rapie commence par un entretien. \u00c0 l\u2019aide d\u2019un formulaire, les informations n\u00e9cessaires \u00e0 la d\u00e9finition du traitement ad\u00e9quat sont collect\u00e9es. Un bilan des sympt\u00f4mes est constitu\u00e9 et repr\u00e9sente la base d\u2019informations \u2013 les maladies ou les diagnostics du m\u00e9decin traitant ou des sp\u00e9cialistes ne jouant qu\u2019un [&hellip;]<\/p>\n","protected":false},"author":1,"featured_media":0,"parent":0,"menu_order":0,"comment_status":"closed","ping_status":"closed","template":"","meta":{"footnotes":""},"class_list":["post-246","page","type-page","status-publish","hentry"],"_links":{"self":[{"href":"https:\/\/drdietrich.ch\/fr\/wp-json\/wp\/v2\/pages\/246","targetHints":{"allow":["GET"]}}],"collection":[{"href":"https:\/\/drdietrich.ch\/fr\/wp-json\/wp\/v2\/pages"}],"about":[{"href":"https:\/\/drdietrich.ch\/fr\/wp-json\/wp\/v2\/types\/page"}],"author":[{"embeddable":true,"href":"https:\/\/drdietrich.ch\/fr\/wp-json\/wp\/v2\/users\/1"}],"replies":[{"embeddable":true,"href":"https:\/\/drdietrich.ch\/fr\/wp-json\/wp\/v2\/comments?post=246"}],"version-history":[{"count":3,"href":"https:\/\/drdietrich.ch\/fr\/wp-json\/wp\/v2\/pages\/246\/revisions"}],"predecessor-version":[{"id":253,"href":"https:\/\/drdietrich.ch\/fr\/wp-json\/wp\/v2\/pages\/246\/revisions\/253"}],"wp:attachment":[{"href":"https:\/\/drdietrich.ch\/fr\/wp-json\/wp\/v2\/media?parent=246"}],"curies":[{"name":"wp","href":"https:\/\/api.w.org\/{rel}","templated":true}]}}