{"id":261,"date":"2023-01-16T04:52:41","date_gmt":"2023-01-16T04:52:41","guid":{"rendered":"http:\/\/drdietrich.ch\/time-waver\/"},"modified":"2024-06-07T17:16:21","modified_gmt":"2024-06-07T17:16:21","slug":"time-waver","status":"publish","type":"page","link":"https:\/\/drdietrich.ch\/fr\/time-waver\/","title":{"rendered":"TimeWaver Med"},"content":{"rendered":"\t\t<div data-elementor-type=\"wp-page\" data-elementor-id=\"261\" class=\"elementor elementor-261 elementor-77\">\n\t\t\t\t\t\t\t\t\t<section class=\"elementor-section elementor-top-section elementor-element elementor-element-34bba493 elementor-section-boxed elementor-section-height-default elementor-section-height-default\" data-id=\"34bba493\" data-element_type=\"section\">\n\t\t\t\t\t\t<div class=\"elementor-container elementor-column-gap-no\">\n\t\t\t\t\t<div class=\"elementor-column elementor-col-33 elementor-top-column elementor-element elementor-element-7f250eb0\" data-id=\"7f250eb0\" data-element_type=\"column\">\n\t\t\t<div class=\"elementor-widget-wrap elementor-element-populated\">\n\t\t\t\t\t\t\t\t<div class=\"elementor-element elementor-element-9d1ab22 elementor-widget elementor-widget-image\" data-id=\"9d1ab22\" data-element_type=\"widget\" data-widget_type=\"image.default\">\n\t\t\t\t<div class=\"elementor-widget-container\">\n\t\t\t<style>\/*! elementor - v3.10.0 - 09-01-2023 *\/\n.elementor-widget-image{text-align:center}.elementor-widget-image a{display:inline-block}.elementor-widget-image a img[src$=\".svg\"]{width:48px}.elementor-widget-image img{vertical-align:middle;display:inline-block}<\/style>\t\t\t\t\t\t\t\t\t\t\t\t<img loading=\"lazy\" decoding=\"async\" width=\"332\" height=\"134\" src=\"https:\/\/drdietrich.ch\/wp-content\/uploads\/2023\/01\/drwave.jpg\" class=\"attachment-large size-large wp-image-84\" alt=\"\" srcset=\"https:\/\/drdietrich.ch\/wp-content\/uploads\/2023\/01\/drwave.jpg 332w, https:\/\/drdietrich.ch\/wp-content\/uploads\/2023\/01\/drwave-300x121.jpg 300w\" sizes=\"auto, (max-width: 332px) 100vw, 332px\" \/>\t\t\t\t\t\t\t\t\t\t\t\t\t\t\t<\/div>\n\t\t\t\t<\/div>\n\t\t\t\t\t<\/div>\n\t\t<\/div>\n\t\t\t\t<div class=\"elementor-column elementor-col-66 elementor-top-column elementor-element elementor-element-56680745\" data-id=\"56680745\" data-element_type=\"column\">\n\t\t\t<div class=\"elementor-widget-wrap elementor-element-populated\">\n\t\t\t\t\t\t\t\t<div class=\"elementor-element elementor-element-2d956189 elementor-widget elementor-widget-text-editor\" data-id=\"2d956189\" data-element_type=\"widget\" data-widget_type=\"text-editor.default\">\n\t\t\t\t<div class=\"elementor-widget-container\">\n\t\t\t<style>\/*! elementor - v3.10.0 - 09-01-2023 *\/\n.elementor-widget-text-editor.elementor-drop-cap-view-stacked .elementor-drop-cap{background-color:#818a91;color:#fff}.elementor-widget-text-editor.elementor-drop-cap-view-framed .elementor-drop-cap{color:#818a91;border:3px solid;background-color:transparent}.elementor-widget-text-editor:not(.elementor-drop-cap-view-default) .elementor-drop-cap{margin-top:8px}.elementor-widget-text-editor:not(.elementor-drop-cap-view-default) .elementor-drop-cap-letter{width:1em;height:1em}.elementor-widget-text-editor .elementor-drop-cap{float:left;text-align:center;line-height:1;font-size:50px}.elementor-widget-text-editor .elementor-drop-cap-letter{display:inline-block}<\/style>\t\t\t\t<h2>Le niveau le plus profond de l&rsquo;\u00e9quilibre<\/h2><p>La caract\u00e9ristique sp\u00e9ciale du TimeWaver r\u00e9side dans l&rsquo;analyse et l&rsquo;\u00e9quilibrage des influences invisibles qui nous affectent dans tous les domaines de la vie : du physique au flux et \u00e0 la r\u00e9gulation \u00e9nerg\u00e9tiques, aux fr\u00e9quences, \u00e0 la psych\u00e9, et dans certaines circonstances, aux dispositions de base h\u00e9rit\u00e9es.<\/p><h2>L&rsquo;ensemble de la personne<\/h2><p>TimeWaver travaille de mani\u00e8re holistique et identifie les diff\u00e9rences entre divers niveaux. Il prend en compte les corr\u00e9lations corporelles trouv\u00e9es dans le champ d&rsquo;information, ainsi que les niveaux d&rsquo;\u00e9nergie et d&rsquo;information. Id\u00e9alement, ces niveaux sont \u00e9troitement li\u00e9s et fonctionnent bien ensemble, car TimeWaver vise \u00e0 \u00eatre conscient de l&rsquo;ensemble de la personne.<\/p><h2>Coh\u00e9rence des organes<\/h2><p>Selon notre compr\u00e9hension, chaque organe a un champ d&rsquo;\u00e9nergie \u00e9lectromagn\u00e9tique, caus\u00e9 par la vibration des charges \u00e9lectriques. L&rsquo;analyse de la coh\u00e9rence des organes vise \u00e0 analyser la qualit\u00e9 de ce champ d&rsquo;\u00e9nergie dans le champ d&rsquo;information, en v\u00e9rifiant les liaisons des organes respectifs au champ d&rsquo;information intact du client. L&rsquo;analyse donne un aper\u00e7u de quel groupe d&rsquo;organes, selon ce mod\u00e8le, sont soit sur-r\u00e9gul\u00e9s ou sous-r\u00e9gul\u00e9s, et lesquels sont \u00e9quilibr\u00e9s et coh\u00e9rents. La coh\u00e9rence des organes vise \u00e0 trouver des approches d&rsquo;\u00e9quilibrage appropri\u00e9es dans le champ d&rsquo;information.<\/p><h2>Lecture et \u00e9criture dans le champ d&rsquo;information<\/h2><p>L&rsquo;analyse et l&rsquo;optimisation dans le champ d&rsquo;information se r\u00e9f\u00e8rent \u00e0 dix niveaux d&rsquo;un individu qui s&rsquo;influencent directement et indirectement, affectant ainsi notre psychosomatique et notre sant\u00e9 holistique.<\/p><p>Lors de l&rsquo;analyse dans le champ d&rsquo;information, TimeWaver cherche de nouvelles informations pouvant aider \u00e0 r\u00e9tablir un \u00e9quilibre sain \u00e0 tous ces niveaux. Tout comme dans l&rsquo;analyse, TimeWaver fournit de nouvelles informations au champ d&rsquo;information sous forme de motifs vibratoires, qui devraient compenser les diff\u00e9rents d\u00e9s\u00e9quilibres dans le champ d&rsquo;information.<\/p>\t\t\t\t\t\t<\/div>\n\t\t\t\t<\/div>\n\t\t\t\t\t<\/div>\n\t\t<\/div>\n\t\t\t\t\t\t\t<\/div>\n\t\t<\/section>\n\t\t\t\t\t\t\t<\/div>\n\t\t","protected":false},"excerpt":{"rendered":"<p>Le niveau le plus profond de l&rsquo;\u00e9quilibre La caract\u00e9ristique sp\u00e9ciale du TimeWaver r\u00e9side dans l&rsquo;analyse et l&rsquo;\u00e9quilibrage des influences invisibles qui nous affectent dans tous les domaines de la vie : du physique au flux et \u00e0 la r\u00e9gulation \u00e9nerg\u00e9tiques, aux fr\u00e9quences, \u00e0 la psych\u00e9, et dans certaines circonstances, aux dispositions de base h\u00e9rit\u00e9es. L&rsquo;ensemble [&hellip;]<\/p>\n","protected":false},"author":1,"featured_media":0,"parent":0,"menu_order":0,"comment_status":"closed","ping_status":"closed","template":"","meta":{"footnotes":""},"class_list":["post-261","page","type-page","status-publish","hentry"],"_links":{"self":[{"href":"https:\/\/drdietrich.ch\/fr\/wp-json\/wp\/v2\/pages\/261","targetHints":{"allow":["GET"]}}],"collection":[{"href":"https:\/\/drdietrich.ch\/fr\/wp-json\/wp\/v2\/pages"}],"about":[{"href":"https:\/\/drdietrich.ch\/fr\/wp-json\/wp\/v2\/types\/page"}],"author":[{"embeddable":true,"href":"https:\/\/drdietrich.ch\/fr\/wp-json\/wp\/v2\/users\/1"}],"replies":[{"embeddable":true,"href":"https:\/\/drdietrich.ch\/fr\/wp-json\/wp\/v2\/comments?post=261"}],"version-history":[{"count":3,"href":"https:\/\/drdietrich.ch\/fr\/wp-json\/wp\/v2\/pages\/261\/revisions"}],"predecessor-version":[{"id":412,"href":"https:\/\/drdietrich.ch\/fr\/wp-json\/wp\/v2\/pages\/261\/revisions\/412"}],"wp:attachment":[{"href":"https:\/\/drdietrich.ch\/fr\/wp-json\/wp\/v2\/media?parent=261"}],"curies":[{"name":"wp","href":"https:\/\/api.w.org\/{rel}","templated":true}]}}